{"id":1374,"date":"2023-08-06T14:27:34","date_gmt":"2023-08-06T14:27:34","guid":{"rendered":"https:\/\/www.krzysztofplaczek.pl\/?page_id=1374"},"modified":"2023-08-06T14:41:35","modified_gmt":"2023-08-06T14:41:35","slug":"2022-w-radzie-powiatu-tarnowskiego","status":"publish","type":"page","link":"https:\/\/www.krzysztofplaczek.pl\/index.php\/2022-w-radzie-powiatu-tarnowskiego\/","title":{"rendered":"2022 &#8211; w Radzie Powiatu Tarnowskiego"},"content":{"rendered":"\n<ul>\n<li>Interpelacja w sprawie konserwacji row\u00f3w oraz udro\u017cnienia przepustu w ci\u0105gu drogi nr 1387K w miejscowo\u015bci Olszyny<\/li>\n\n\n\n<li>Interpelacja w sprawie wykonania przegladu oraz remontu nawierzchni dr\u00f3g powiatowych numer: 1390K oraz 1389K w miejscowo\u015bci Turza<\/li>\n\n\n\n<li>Interpelacja w sprawie zabezpieczenia \u015brodk\u00f3w w bud\u017cecie Powiatu Tarnowskiego celem wykonania nak\u0142adki asfaltowej na drodze powiatowej 1357K Tarn\u00f3w-Ryglice-\u017burowa-O\u0142piny<\/li>\n\n\n\n<li>Interpelacja w sprawie przekazania rur zapewniaj\u0105cych odprowadzenie wody spod przepustu wykonanego pod drog\u0105 powiatow\u0105 nr 1390K w miejscowo\u015bci Turza<\/li>\n\n\n\n<li>Interpelacja w sprawie zabezpieczenia \u015brodk\u00f3w w bud\u017cecie Powiatu Tarnowskiego celem wykonania nak\u0142adki asfaltowej i poboczy w ci\u0105gu drogi powiatowej 1390K w kierunku Kwiatonowic<\/li>\n\n\n\n<li>Interpelacja w sprawie monta\u017cu lustra drogowego przy drodze powiatowej nr 1389K przy skrzy\u017cowaniu z drog\u0105 gminn\u0105 w miejscowo\u015bci Turza<\/li>\n\n\n\n<li>Interpelacja w sprawie wykonania przegl\u0105du i poprawy chodnika oraz udro\u017cnienia przy nim studzienek kanalizacyjnych przy drodze powiatowej nr 1389K relacji Rzepiennik Biskupi-Turza-Moszczenica w miejscowo\u015bci Turza<\/li>\n\n\n\n<li>Interpelacja w sprawie konieczno\u015bci pomalowania linii na skrzy\u017cowaniu drogi powiatowej nr 1390K w kierunku miejscowo\u015bci Kwiatonowice<\/li>\n\n\n\n<li>Interpelacja w sprawie wykonania przegl\u0105du i zasypania powsta\u0142ej wyrwy przy drodze powiatowej nr 1389K relacji Rzepiennik Biskupi-Turza-Moszczenica w miejscowo\u015bci Turza<\/li>\n\n\n\n<li>Interpelacja w sprawie monta\u017cu znaku drogowego w miejscowo\u015bci Turza na granicy z miejscowo\u015bci\u0105 Moszczenica przy drodze powiatowej nr 1398K<\/li>\n\n\n\n<li>Interpelacja w sprawie wpisania do wykazu dr\u00f3g powiatowych w z\u0142ym stanie technicznym odcinka w miejscowo\u015bci \u017burowa oraz skrzy\u017cowania w centrum miejscowo\u015bci Turza<\/li>\n\n\n\n<li>Interpelacja w sprawie wykonania utwardzenia pobocza wzd\u0142u\u017c drogi powiatowej nr 1388K Jod\u0142\u00f3wka Tuchowska &#8211; Rzepiennik Strzy\u017cewski &#8211; Ci\u0119\u017ckowice, ko\u0142o cmentarza w miejscowo\u015bci Rzepiennik Strzy\u017cewski<\/li>\n\n\n\n<li>Interpelacja w sprawie naprawy gwarancyjnej nak\u0142adki asfaltowej drogi powiatowej 1403K Rzepiennik Suchy-Olszyny<\/li>\n\n\n\n<li>Interpelacja w sprawie wykonania o\u015bwietlenia przej\u015bcia dla pieszych na drodze powiatowej 1387K w miejscowo\u015bci Olszyny przy Szkole Podstawowej im. Jana Paw\u0142a II w Olszynach<\/li>\n\n\n\n<li>Interpelacja w sprawie wykonania przegl\u0105du mostu oraz dokonania oceny stanu technicznego przepust\u00f3w pod drog\u0105 powiatow\u0105 nr 1389K relacji Rzepiennik Bisupi-Turza-Moszczenica w miejscowo\u015bci Rzepiennik Biskupi<\/li>\n\n\n\n<li>Interpelacja w sprawie pomalowania bocznych linii kraw\u0119dziowych drogi powiatowej 1388K relacji Jod\u0142\u00f3wka Tuchowska-Rzepiennik Strzy\u017cewski-Ci\u0119\u017ckowice w miejscowo\u015bci Rzepiennik Strzy\u017cewski<\/li>\n\n\n\n<li>Interpelacja w sprawie opracowania projektu budowlanego na przebudow\u0119 mostu na potoku Rzepianka w ci\u0105gu drogi powiatowej 1388K relacji Jod\u0142\u00f3wka Tuchowska -Rzepiennik Strzy\u017cewski &#8211; Ci\u0119\u017ckowice w miejscowo\u015bci Rzepiennik Strzy\u017cewski<\/li>\n\n\n\n<li>Interpelacja w sprawie remontu i rozbudowy budynku Zespo\u0142u Szk\u00f3\u0142 Ponadpodstawowych w miejscowo\u015bci Ryglice<\/li>\n\n\n\n<li><\/li>\n<\/ul>\n","protected":false},"excerpt":{"rendered":"","protected":false},"author":1,"featured_media":0,"parent":0,"menu_order":0,"comment_status":"closed","ping_status":"closed","template":"","meta":{"ngg_post_thumbnail":0},"_links":{"self":[{"href":"https:\/\/www.krzysztofplaczek.pl\/index.php\/wp-json\/wp\/v2\/pages\/1374"}],"collection":[{"href":"https:\/\/www.krzysztofplaczek.pl\/index.php\/wp-json\/wp\/v2\/pages"}],"about":[{"href":"https:\/\/www.krzysztofplaczek.pl\/index.php\/wp-json\/wp\/v2\/types\/page"}],"author":[{"embeddable":true,"href":"https:\/\/www.krzysztofplaczek.pl\/index.php\/wp-json\/wp\/v2\/users\/1"}],"replies":[{"embeddable":true,"href":"https:\/\/www.krzysztofplaczek.pl\/index.php\/wp-json\/wp\/v2\/comments?post=1374"}],"version-history":[{"count":2,"href":"https:\/\/www.krzysztofplaczek.pl\/index.php\/wp-json\/wp\/v2\/pages\/1374\/revisions"}],"predecessor-version":[{"id":1380,"href":"https:\/\/www.krzysztofplaczek.pl\/index.php\/wp-json\/wp\/v2\/pages\/1374\/revisions\/1380"}],"wp:attachment":[{"href":"https:\/\/www.krzysztofplaczek.pl\/index.php\/wp-json\/wp\/v2\/media?parent=1374"}],"curies":[{"name":"wp","href":"https:\/\/api.w.org\/{rel}","templated":true}]}}