{"id":368,"date":"2020-03-21T17:11:03","date_gmt":"2020-03-21T17:11:03","guid":{"rendered":"https:\/\/www.krzysztofplaczek.pl\/?page_id=368"},"modified":"2025-02-16T13:04:07","modified_gmt":"2025-02-16T13:04:07","slug":"o-mnie","status":"publish","type":"page","link":"https:\/\/www.krzysztofplaczek.pl\/index.php\/o-mnie\/","title":{"rendered":"O mnie"},"content":{"rendered":"<p><!--StartFragment--><\/p>\n\n\n<figure class=\"wp-block-image size-large\"><img decoding=\"async\" loading=\"lazy\" width=\"683\" height=\"1024\" src=\"https:\/\/www.krzysztofplaczek.pl\/wp-content\/uploads\/2021\/12\/nowy1-683x1024.jpg\" alt=\"\" class=\"wp-image-1113\" srcset=\"https:\/\/www.krzysztofplaczek.pl\/wp-content\/uploads\/2021\/12\/nowy1-683x1024.jpg 683w, https:\/\/www.krzysztofplaczek.pl\/wp-content\/uploads\/2021\/12\/nowy1-200x300.jpg 200w, https:\/\/www.krzysztofplaczek.pl\/wp-content\/uploads\/2021\/12\/nowy1-768x1152.jpg 768w, https:\/\/www.krzysztofplaczek.pl\/wp-content\/uploads\/2021\/12\/nowy1-1024x1536.jpg 1024w, https:\/\/www.krzysztofplaczek.pl\/wp-content\/uploads\/2021\/12\/nowy1-1365x2048.jpg 1365w, https:\/\/www.krzysztofplaczek.pl\/wp-content\/uploads\/2021\/12\/nowy1.jpg 1500w\" sizes=\"(max-width: 683px) 100vw, 683px\" \/><\/figure>\n\n\n\n<p><strong> <big>mgr in\u017c. Krzysztof P\u0142aczek<\/big><\/strong><\/p>\n\n\n\n<p><strong>Asystent Krajowy w Biuro Poselskie Arkadiusza Mularczyka Pos\u0142a do Parlamentu Europejskiego.<\/strong><\/p>\n\n\n\n<p>Uroczy\u015bcie \u015blubuj\u0119 rzetelnie i sumiennie wykonywa\u0107 obowi\u0105zki wobec  Narodu Polskiego, strzec suwerenno\u015bci i interes\u00f3w Pa\u0144stwa Polskiego,  czyni\u0107 wszystko dla pomy\u015blno\u015bci Ojczyzny, wsp\u00f3lnoty samorz\u0105dowej powiatu  i dobra obywateli, przestrzega\u0107 Konstytucji i innych praw  Rzeczypospolitej Polskiej.<\/p>\n\n\n\n<p>Tak mi dopom\u00f3\u017c B\u00f3g<\/p>\n\n\n\n<p><strong>Stanowisko:&nbsp;<\/strong>Radny Powiatu  Tarnowskiego &#8211; Wiceprzewodnicz\u0105cy Komisji Rewizyjnej, Wiceprzewodnicz\u0105cy  Komisji ds. O\u015bwiaty, Kultury, Sportu i Turystyki &nbsp; <\/p>\n\n\n\n<p><strong>Klub:&nbsp;<\/strong>Radych Prawa i Sprawiedliwo\u015bci&nbsp; <\/p>\n\n\n\n<p><strong>Wykszta\u0142cenie:<\/strong> Akademia G\u00f3rniczo-Hutnicza w Krakowie &#8211; Informatyka w technologii materia\u0142\u00f3w, Pedagogika<br><br><strong>Zaw\u00f3d wykonywany:<\/strong> Nauczyciel informatycznych przedmiot\u00f3w zawodowych, mgr in\u017c. informatyka w technologii materia\u0142\u00f3w.<\/p>\n\n\n\n<p> <strong>Publikacje: <\/strong>Problemy  matematycznego modelowania mikrosegregacji sk\u0142adnik\u00f3w i wydzielania  wtr\u0105ce\u0144 niemetalicznych podczas krzepni\u0119cia stali \u2014 Problems of  mathematical modelling of components microsegregation and inclusions  precipitation during solidification of steel \/ Krzysztof P\u0142aczek <br><br><strong>Zainteresowania<\/strong>:  in\u017cynieria materia\u0142owa, programowanie, sport, turystyka <\/p>\n\n\n<p><!--EndFragment--><\/p>","protected":false},"excerpt":{"rendered":"<p>mgr in\u017c. Krzysztof P\u0142aczek Asystent Krajowy w Biuro Poselskie Arkadiusza Mularczyka Pos\u0142a do Parlamentu Europejskiego. Uroczy\u015bcie \u015blubuj\u0119 rzetelnie i sumiennie wykonywa\u0107 obowi\u0105zki wobec Narodu Polskiego, strzec suwerenno\u015bci i interes\u00f3w Pa\u0144stwa Polskiego, czyni\u0107 wszystko dla pomy\u015blno\u015bci Ojczyzny, wsp\u00f3lnoty samorz\u0105dowej powiatu i dobra obywateli, przestrzega\u0107 Konstytucji i innych praw Rzeczypospolitej Polskiej. Tak mi dopom\u00f3\u017c B\u00f3g Stanowisko:&nbsp;Radny Powiatu [&hellip;]<\/p>\n","protected":false},"author":1,"featured_media":0,"parent":0,"menu_order":0,"comment_status":"closed","ping_status":"closed","template":"","meta":{"ngg_post_thumbnail":0},"_links":{"self":[{"href":"https:\/\/www.krzysztofplaczek.pl\/index.php\/wp-json\/wp\/v2\/pages\/368"}],"collection":[{"href":"https:\/\/www.krzysztofplaczek.pl\/index.php\/wp-json\/wp\/v2\/pages"}],"about":[{"href":"https:\/\/www.krzysztofplaczek.pl\/index.php\/wp-json\/wp\/v2\/types\/page"}],"author":[{"embeddable":true,"href":"https:\/\/www.krzysztofplaczek.pl\/index.php\/wp-json\/wp\/v2\/users\/1"}],"replies":[{"embeddable":true,"href":"https:\/\/www.krzysztofplaczek.pl\/index.php\/wp-json\/wp\/v2\/comments?post=368"}],"version-history":[{"count":5,"href":"https:\/\/www.krzysztofplaczek.pl\/index.php\/wp-json\/wp\/v2\/pages\/368\/revisions"}],"predecessor-version":[{"id":1498,"href":"https:\/\/www.krzysztofplaczek.pl\/index.php\/wp-json\/wp\/v2\/pages\/368\/revisions\/1498"}],"wp:attachment":[{"href":"https:\/\/www.krzysztofplaczek.pl\/index.php\/wp-json\/wp\/v2\/media?parent=368"}],"curies":[{"name":"wp","href":"https:\/\/api.w.org\/{rel}","templated":true}]}}