{"id":389,"date":"2020-03-21T18:06:42","date_gmt":"2020-03-21T18:06:42","guid":{"rendered":"https:\/\/www.krzysztofplaczek.pl\/?page_id=389"},"modified":"2020-03-21T18:06:43","modified_gmt":"2020-03-21T18:06:43","slug":"pliki-cookies","status":"publish","type":"page","link":"https:\/\/www.krzysztofplaczek.pl\/index.php\/pliki-cookies\/","title":{"rendered":"Pliki Cookies"},"content":{"rendered":"\n<p><strong>Szanowny U\u017cytkowniku!<\/strong><\/p>\n\n\n\n<ul><li>Strona www.krzysztofplaczek.pl korzysta z plik\u00f3w  cookies (tzw. ciasteczka). Oznacza to, \u017ce na dysku Twojego komputera  mog\u0105 by\u0107 zapisywane niewielkie pliki tekstowe wysy\u0142ane z serwera za  po\u015brednictwem witryny www.krzysztofplaczek.pl. Pliki  cookies mog\u0105 by\u0107 wysy\u0142ane tak\u017ce z serwer\u00f3w stron, do kt\u00f3rych si\u0119  odwo\u0142ujemy.<\/li><li>Pliki cookies i podobne technologie u\u017cywane s\u0105 w celu dostosowania  zawarto\u015bci stron internetowych do preferencji u\u017cytkownika oraz  optymalizacji korzystania ze stron internetowych. U\u017cywane s\u0105 r\u00f3wnie\u017c w  celu tworzenia statystyk, kt\u00f3re pomagaj\u0105 zrozumie\u0107 w jaki spos\u00f3b  u\u017cytkownik korzysta ze stron internetowych co umo\u017cliwia ulepszanie ich  struktury i zawarto\u015bci.<\/li><li>Pliki cookies\u00a0wysy\u0142amy wyj\u0105tkowo. S\u0142u\u017c\u0105 one tworzeniu statystyk,  kt\u00f3re pomagaj\u0105 dostosowa\u0107 zawarto\u015b\u0107 serwisu do oczekiwa\u0144 u\u017cytkownik\u00f3w,  zapami\u0119taniu preferowanego wygl\u0105du strony, np. ustawionego rozmiaru  czcionki albo utrzymaniu sesji u\u017cytkownika serwisu (po zalogowaniu),  dzi\u0119ki kt\u00f3rej u\u017cytkownik nie musi na ka\u017cdej podstronie serwisu ponownie  wpisywa\u0107 loginu i has\u0142a.<\/li><li>Ka\u017cdy u\u017cytkownik mo\u017ce zmieni\u0107 ustawienia dotycz\u0105ce plik\u00f3w cookies w  u\u017cywanej przez siebie przegl\u0105darce, w tym zupe\u0142nie wy\u0142\u0105czy\u0107 mo\u017cliwo\u015b\u0107  ich zapisywania. Je\u015bli nie wy\u0142\u0105czysz mo\u017cliwo\u015bci zapisywania ciasteczek  pochodz\u0105cych z witryny www.krzysztofplaczek.pl oznacza to Twoj\u0105 zgod\u0119 na ich zapisywanie i przechowywanie w komputerze.<\/li><li>Je\u017celi zdecydujesz si\u0119 na odrzucenie wszystkich plik\u00f3w cookies, nie  b\u0119dzie mo\u017cliwe korzystanie z\u00a0niekt\u00f3rych tre\u015bci i\u00a0us\u0142ug udost\u0119pnianych w  naszej witrynie, w\u00a0szczeg\u00f3lno\u015bci wymagaj\u0105cych logowania. Wy\u0142\u0105czenie  plik\u00f3w cookies nie powoduje natomiast braku mo\u017cliwo\u015bci przegl\u0105dania  stron w naszej witrynie.<\/li><\/ul>\n\n\n\n<p><strong>Jak wy\u0142\u0105czy\u0107 pliki cookies?<\/strong><\/p>\n\n\n\n<ul><li><a href=\"http:\/\/support.google.com\/chrome\/bin\/answer.py?hl=pl&amp;answer=95647\" target=\"_blank\" rel=\"noreferrer noopener\">Przegl\u0105darka Chrome<\/a><\/li><li><a href=\"http:\/\/support.mozilla.org\/pl\/kb\/W%C5%82%C4%85czanie%20i%20wy%C5%82%C4%85czanie%20obs%C5%82ugi%20ciasteczek\" target=\"_blank\" rel=\"noreferrer noopener\">Przegl\u0105darka Firefox<\/a><\/li><li><a href=\"http:\/\/windows.microsoft.com\/pl-pl\/windows7\/block-enable-or-allow-cookies\" target=\"_blank\" rel=\"noreferrer noopener\">Przegl\u0105darka Internet Explorer<\/a><\/li><li><a href=\"http:\/\/help.opera.com\/Windows\/12.10\/pl\/cookies.html\" target=\"_blank\" rel=\"noreferrer noopener\">Przegl\u0105darka Opera<\/a><\/li><li><a href=\"http:\/\/support.apple.com\/kb\/PH5042\" target=\"_blank\" rel=\"noreferrer noopener\">Przegl\u0105darka Safari<\/a><\/li><\/ul>\n\n\n\n<p>Je\u015bli korzystasz z urz\u0105dzenia \nprzeno\u015bnego (telefon, smartfon, tablet), zapoznaj si\u0119 z opcjami \ndotycz\u0105cymi ochrony prywatno\u015bci w dokumentacji na stronie internetowej \nproducenta Twojego urz\u0105dzenia.<\/p>\n","protected":false},"excerpt":{"rendered":"<p>Szanowny U\u017cytkowniku! Strona www.krzysztofplaczek.pl korzysta z plik\u00f3w cookies (tzw. ciasteczka). Oznacza to, \u017ce na dysku Twojego komputera mog\u0105 by\u0107 zapisywane niewielkie pliki tekstowe wysy\u0142ane z serwera za po\u015brednictwem witryny www.krzysztofplaczek.pl. Pliki cookies mog\u0105 by\u0107 wysy\u0142ane tak\u017ce z serwer\u00f3w stron, do kt\u00f3rych si\u0119 odwo\u0142ujemy. Pliki cookies i podobne technologie u\u017cywane s\u0105 w celu dostosowania zawarto\u015bci stron [&hellip;]<\/p>\n","protected":false},"author":1,"featured_media":0,"parent":0,"menu_order":0,"comment_status":"closed","ping_status":"closed","template":"","meta":{"ngg_post_thumbnail":0},"_links":{"self":[{"href":"https:\/\/www.krzysztofplaczek.pl\/index.php\/wp-json\/wp\/v2\/pages\/389"}],"collection":[{"href":"https:\/\/www.krzysztofplaczek.pl\/index.php\/wp-json\/wp\/v2\/pages"}],"about":[{"href":"https:\/\/www.krzysztofplaczek.pl\/index.php\/wp-json\/wp\/v2\/types\/page"}],"author":[{"embeddable":true,"href":"https:\/\/www.krzysztofplaczek.pl\/index.php\/wp-json\/wp\/v2\/users\/1"}],"replies":[{"embeddable":true,"href":"https:\/\/www.krzysztofplaczek.pl\/index.php\/wp-json\/wp\/v2\/comments?post=389"}],"version-history":[{"count":1,"href":"https:\/\/www.krzysztofplaczek.pl\/index.php\/wp-json\/wp\/v2\/pages\/389\/revisions"}],"predecessor-version":[{"id":390,"href":"https:\/\/www.krzysztofplaczek.pl\/index.php\/wp-json\/wp\/v2\/pages\/389\/revisions\/390"}],"wp:attachment":[{"href":"https:\/\/www.krzysztofplaczek.pl\/index.php\/wp-json\/wp\/v2\/media?parent=389"}],"curies":[{"name":"wp","href":"https:\/\/api.w.org\/{rel}","templated":true}]}}