{"id":61,"date":"2019-08-21T11:58:16","date_gmt":"2019-08-21T11:58:16","guid":{"rendered":"https:\/\/preview.amplethemes.com\/online-portfolio\/?page_id=61"},"modified":"2021-12-04T17:32:20","modified_gmt":"2021-12-04T17:32:20","slug":"2014-on-xeo-tech-front-end-developer","status":"publish","type":"page","link":"https:\/\/www.krzysztofplaczek.pl\/index.php\/2014-on-xeo-tech-front-end-developer\/","title":{"rendered":"2018 &#8211; w Radzie Powiatu Tarnowskiego"},"content":{"rendered":"\n<p><strong>Stanowisko:\u00a0<\/strong>Radny Powiatu  Tarnowskiego &#8211; Wiceprzewodnicz\u0105cy Komisji Rewizyjnej, Wiceprzewodnicz\u0105cy  Komisji ds. O\u015bwiaty, Kultury, Sportu i Turystyki \u00a0 <\/p>\n\n\n\n<p><strong>Klub:\u00a0<\/strong>Radych Prawa i Sprawiedliwo\u015bci\u00a0 <\/p>\n","protected":false},"excerpt":{"rendered":"<p>Stanowisko:\u00a0Radny Powiatu Tarnowskiego &#8211; Wiceprzewodnicz\u0105cy Komisji Rewizyjnej, Wiceprzewodnicz\u0105cy Komisji ds. O\u015bwiaty, Kultury, Sportu i Turystyki \u00a0 Klub:\u00a0Radych Prawa i Sprawiedliwo\u015bci\u00a0<\/p>\n","protected":false},"author":1,"featured_media":0,"parent":0,"menu_order":0,"comment_status":"closed","ping_status":"closed","template":"","meta":{"ngg_post_thumbnail":0},"_links":{"self":[{"href":"https:\/\/www.krzysztofplaczek.pl\/index.php\/wp-json\/wp\/v2\/pages\/61"}],"collection":[{"href":"https:\/\/www.krzysztofplaczek.pl\/index.php\/wp-json\/wp\/v2\/pages"}],"about":[{"href":"https:\/\/www.krzysztofplaczek.pl\/index.php\/wp-json\/wp\/v2\/types\/page"}],"author":[{"embeddable":true,"href":"https:\/\/www.krzysztofplaczek.pl\/index.php\/wp-json\/wp\/v2\/users\/1"}],"replies":[{"embeddable":true,"href":"https:\/\/www.krzysztofplaczek.pl\/index.php\/wp-json\/wp\/v2\/comments?post=61"}],"version-history":[{"count":2,"href":"https:\/\/www.krzysztofplaczek.pl\/index.php\/wp-json\/wp\/v2\/pages\/61\/revisions"}],"predecessor-version":[{"id":740,"href":"https:\/\/www.krzysztofplaczek.pl\/index.php\/wp-json\/wp\/v2\/pages\/61\/revisions\/740"}],"wp:attachment":[{"href":"https:\/\/www.krzysztofplaczek.pl\/index.php\/wp-json\/wp\/v2\/media?parent=61"}],"curies":[{"name":"wp","href":"https:\/\/api.w.org\/{rel}","templated":true}]}}