{"id":63,"date":"2019-08-21T12:01:17","date_gmt":"2019-08-21T12:01:17","guid":{"rendered":"https:\/\/preview.amplethemes.com\/online-portfolio\/?page_id=63"},"modified":"2021-12-04T17:27:05","modified_gmt":"2021-12-04T17:27:05","slug":"2016-on-hit-technology-as-junior-develper","status":"publish","type":"page","link":"https:\/\/www.krzysztofplaczek.pl\/index.php\/2016-on-hit-technology-as-junior-develper\/","title":{"rendered":"2019 &#8211; w Radzie Powiatu Tarnowskiego"},"content":{"rendered":"\n<ul><li>Interpelacja w sprawie ustawienia na drogach powiatowych numer 1384K Zalasowa-Joniny-Szerzyny i 1357K Tarn\u00f3w-Ryglice-\u017burowa-O\u0142piny drogowskaz\u00f3w kierunkowych do miejscowo\u015bci \u017burowa, Swoszowa oraz Olszyny<\/li><\/ul>\n\n\n\n<ul><li>Interpelacja w sprawie naprawy gwarancyjenej nak\u0142adki asfaltowej drogi powiatowej nr 1403K Rzepiennik Suchy &#8211; Olszyny<\/li><\/ul>\n\n\n\n<ul><li>Interpelacja w sprawie wykonania i konserwacji row\u00f3w oraz uzupe\u0142nienia i utwardzenia poboczy w pasie drogi powiatowej 1390K Turza &#8211; Sitnica w miejscowo\u015bci Turza<\/li><\/ul>\n\n\n\n<ul><li>Interpelacja w sprawie naprawy nak\u0142adki asfaltowej oraz podniesienia kratek \u015bciekowych w ci\u0105gu drogi powiatowej 1387K Siepietnica &#8211; Lubaszowa w miejscowo\u015bci Olszyny<\/li><\/ul>\n\n\n\n<ul><li>Interpelacja w sprawie udro\u017cnienia przepustu w ci\u0105gu drogi powiatowej 1403K Rzepiennik Suchy &#8211; Olszyny w miejscowo\u015bci Olszyny<\/li><\/ul>\n\n\n\n<ul><li>Interpelacja w sprawie likwidacji osuwiska w ci\u0105gu drogi powiatowej nr 1387K Siepietnica- Lubaszowa w miejscowo\u015bci Olszyny<\/li><\/ul>\n\n\n\n<ul><li>Interpelacja w sprawie udro\u017cnienia studzienki kanalizacyjnej na drodze powiatowej nr 1388K Jod\u0142\u00f3wka Tuchowska &#8211; Rzepiennik Strzy\u017cewski &#8211; Ci\u0119\u017ckowice<\/li><\/ul>\n\n\n\n<ul><li>Interpelacja w sprawie wyci\u0119cia drzew oraz zakrzacze\u0144 zas\u0142aniajacych lamp\u0119 w pasie drogi powiatowej 1388K Jod\u0142\u00f3wka Tuchowska &#8211; Rzepiennik Strzy\u017cewski &#8211; Ci\u0119\u017ckowice w miejscowo\u015bci Rzepiennik Strzy\u017cewski<\/li><\/ul>\n\n\n\n<ul><li>Interpelacja w sprawie zimowego utrzymania dr\u00f3g powiatowych w Gminie Rzepiennik Strzy\u017cewski<\/li><\/ul>\n\n\n\n<ul><li>Interpelacja w sprawie udro\u017cnienia rowu, likwidacji powsta\u0142ego osuwiska oraz zabezpieczenia ca\u0142ego pobocza przed powstaniem kolejnych osuwisk w ci\u0105gu drogi powiatowej 1387K Siepietnica-Lubaszowa w miejscowo\u015bci Olszyny<\/li><\/ul>\n\n\n\n<ul><li>Interpelacja w sprawie pomalowania pas\u00f3w i przej\u015b\u0107 dla pieszych ko\u0142o Szk\u00f3\u0142 Podstawowych w miejscowo\u015bciach Olszyny, O\u0142piny oraz Szerzyny a tak\u017ce zamontowanie oznakowania \u015bwietlnego przej\u015bcia przy Szkole Podstawowej w Olszynach<\/li><\/ul>\n\n\n\n<ul><li>Interpelacja w sprawie podj\u0119cia dzia\u0142a\u0144 zmierzaj\u0105cych do wymiany dachu budynku Zespo\u0142u Szk\u00f3\u0142 Ponadgimnazajlnych im. Prof. Czes\u0142aw Majorka w Ryglicach oraz adaptacji poddasza na sale lekcyjne<\/li><\/ul>\n\n\n\n<ul><li>Interpelacja w sprawie podj\u0119cia dziala\u0144 zapewniaj\u0105cych przywr\u00f3cenie funkcjonowania przewoz\u00f3w autobusowych o charakterze u\u017cyteczno\u015bci publicznej Czermna-Ryglice-Tarn\u00f3w oraz Tarn\u00f3w-Ryglice-Czermna<\/li><\/ul>\n\n\n\n<ul><li>Interpelacja w sprawie usuni\u0119cia nieczynnego kiosku w ci\u0105gu drogi powiatowej 1387K Siepietnica &#8211; Lubaszowa w miejscowo\u015bci Olszyny<\/li><\/ul>\n\n\n\n<ul><li>Interpelacja w sprawie uzupe\u0142nienia i utwardzenia poboczy, konserwacji row\u00f3w oraz udro\u017cnienia przepustu w ci\u0105gu drogi powiatowej nr 1403K Rzepiennik Suchy &#8211; Olszyny w miejscowo\u015bci Olszyny<\/li><\/ul>\n\n\n\n<ul><li>Interpelacja w sprawie uzupe\u0142nienia i utwardzenia poboczy oraz konserwacji row\u00f3w w ci\u0105gu drogi powiatowej 1390K Ci\u0119\u017ckowice &#8211; Turza &#8211; Sitnica &#8211; Strzeszyn w miejscowo\u015bci Turza<\/li><\/ul>\n\n\n\n<ul><li>Interpelacja w sprawie uzupe\u0142nienia i utwardzenia poboczy w ci\u0105gu drogi powiatowej 1388K Jod\u0142\u00f3wka Tuchowska &#8211; Rzepiennik Strzy\u017cewski &#8211; Ci\u0119\u017ckowice w miejscowo\u015bci Rzepiennik Strzy\u017cewski<\/li><\/ul>\n\n\n\n<ul><li>Interpelacja w sprawie naprawy szk\u00f3d po powodzi przy drodze powiatowej 1387K Siepietnica-Lubaszowa w miejscowo\u015bci Olszyny, O\u0142piny i Szerzyny<\/li><\/ul>\n\n\n\n<ul><li>Interpelacja w sprawie udro\u017cnienia rowu i przepustu na drodze powiatowej 1389K Rzepiennik Biskupi &#8211; Turza &#8211; Moszczenica w miejscowo\u015bci Turza<\/li><\/ul>\n\n\n\n<ul><li>Interpelacja w sprawie podj\u0119cia dzia\u0142a\u0144 zmierzajacych do zamontowania barier ochronnych na drodze powiatowej 1389K Rzepiennik Biskupi &#8211; Turza &#8211; Moszczenica w miejscowo\u015bci Turza<\/li><\/ul>\n\n\n\n<ul><li>Interpelacja w sprawie zabezpieczenia przystanku oraz wykonania zatoczki i pobocza ko\u0142o przystanku na drodze powiatowej 1389K Rzepiennik Biskupi &#8211; Turza &#8211; Moszczenica w miejscowo\u015bci Turza<\/li><\/ul>\n\n\n\n<ul><li>Interpelacja w sprawie podj\u0119cia dzia\u0142a\u0144 zmierzaj\u0105cych do opracowania dokumentacji i uzyskania niezb\u0119dnych pozwole\u0144 w zakresie stabilizacji czynnego osuwiska na drodze powiatowej 1413K Czermna &#8211; D\u0119bowa oraz remontu tej drogi z wykorzystaniem \u015brodk\u00f3w na usuwanie skutk\u00f3w kl\u0119sk \u017cywio\u0142owych<\/li><\/ul>\n\n\n\n<ul><li>Interpelacja w sprawie braku linii wyznaczaj\u0105cych pasy ruchu na jezdni oraz wyznaczaj\u0105cych krawedzie jezdni drogi powiatowej 1389K Rzepiennik Biskupi &#8211; Turza &#8211; Moszczenica w miejscowo\u015bci Turza<\/li><\/ul>\n\n\n\n<ul><li>Interpelacja w sprawie poprawy niebezpiecznych, pop\u0119kanych odcink\u00f3w nawierzchni i podmytego pobocza na drodze powiatowej 1389K Rzepiennik Biskupi &#8211; Turza &#8211; Moszczenica w miejscowo\u015bci Turza<\/li><\/ul>\n\n\n\n<ul><li>Interpelacja w sprawie poprawy w\u0105skiego, niebezpiecznego, pop\u0119kanego, gro\u017c\u0105cego zapadni\u0119ciem si\u0119 niewielkiego odcinka nawierzchni i pobocza jezdni na drodze powiatowej oraz pobocza na drodze Tarn\u00f3w &#8211; Ryglice &#8211; O\u0142piny nr 1357K w miejscowo\u015bci \u017burowa<\/li><\/ul>\n\n\n\n<ul><li>Interpelacja w sprawie zimowego utrzymania dr\u00f3g powiatowych w Gminach Rzepiennik Strzy\u017cewski oraz Ryglice<\/li><\/ul>\n\n\n\n<ul><li>Interpelacja w sprawie zabezpieczenia w bud\u017cecie \u015brodk\u00f3w oraz wykonanie w jak najszybszym czasie budowy chodnika w ciagu drogi powiatowej nr 1387K Siepietnica-Lubaszowa w miejscowo\u015bci Olszyny oraz budowy i oznakowania wyniesionego przej\u015bcia dla pieszych w ciagu tej samej drogi przy szkole podstawowej<\/li><\/ul>\n","protected":false},"excerpt":{"rendered":"<p>Interpelacja w sprawie ustawienia na drogach powiatowych numer 1384K Zalasowa-Joniny-Szerzyny i 1357K Tarn\u00f3w-Ryglice-\u017burowa-O\u0142piny drogowskaz\u00f3w kierunkowych do miejscowo\u015bci \u017burowa, Swoszowa oraz Olszyny Interpelacja w sprawie naprawy gwarancyjenej nak\u0142adki asfaltowej drogi powiatowej nr 1403K Rzepiennik Suchy &#8211; Olszyny Interpelacja w sprawie wykonania i konserwacji row\u00f3w oraz uzupe\u0142nienia i utwardzenia poboczy w pasie drogi powiatowej 1390K Turza &#8211; [&hellip;]<\/p>\n","protected":false},"author":1,"featured_media":0,"parent":0,"menu_order":0,"comment_status":"closed","ping_status":"closed","template":"","meta":{"ngg_post_thumbnail":0},"_links":{"self":[{"href":"https:\/\/www.krzysztofplaczek.pl\/index.php\/wp-json\/wp\/v2\/pages\/63"}],"collection":[{"href":"https:\/\/www.krzysztofplaczek.pl\/index.php\/wp-json\/wp\/v2\/pages"}],"about":[{"href":"https:\/\/www.krzysztofplaczek.pl\/index.php\/wp-json\/wp\/v2\/types\/page"}],"author":[{"embeddable":true,"href":"https:\/\/www.krzysztofplaczek.pl\/index.php\/wp-json\/wp\/v2\/users\/1"}],"replies":[{"embeddable":true,"href":"https:\/\/www.krzysztofplaczek.pl\/index.php\/wp-json\/wp\/v2\/comments?post=63"}],"version-history":[{"count":2,"href":"https:\/\/www.krzysztofplaczek.pl\/index.php\/wp-json\/wp\/v2\/pages\/63\/revisions"}],"predecessor-version":[{"id":737,"href":"https:\/\/www.krzysztofplaczek.pl\/index.php\/wp-json\/wp\/v2\/pages\/63\/revisions\/737"}],"wp:attachment":[{"href":"https:\/\/www.krzysztofplaczek.pl\/index.php\/wp-json\/wp\/v2\/media?parent=63"}],"curies":[{"name":"wp","href":"https:\/\/api.w.org\/{rel}","templated":true}]}}