{"id":65,"date":"2019-08-21T12:06:50","date_gmt":"2019-08-21T12:06:50","guid":{"rendered":"https:\/\/preview.amplethemes.com\/online-portfolio\/?page_id=65"},"modified":"2021-12-04T17:28:20","modified_gmt":"2021-12-04T17:28:20","slug":"2018-on-geo-tech-as-project-manager","status":"publish","type":"page","link":"https:\/\/www.krzysztofplaczek.pl\/index.php\/2018-on-geo-tech-as-project-manager\/","title":{"rendered":"2020 &#8211; w Radzie Powiatu Tarnowskiego"},"content":{"rendered":"\n<ul><li>Interpelacja w sprawie wykonania i konserwacji rowu w pasie drogi powiatowej 1387K Siepietnica-Lubaszowa w miejscowo\u015bci Olszyny<\/li><\/ul>\n\n\n\n<ul><li>Interpelacja w sprawie poprawy istniej\u0105cych oraz dodania nowych p\u0142yt a\u017curowych zabezpieczaj\u0105cych r\u00f3w przed osuwaniem si\u0119 ziemi w pasie drogi powiatowej 1387K Siepietnica-Lubaszowa w centrum miejscowo\u015bci Olszyny<\/li><\/ul>\n\n\n\n<ul><li>Interpelacja w sprawie wykonania pobocza dla ruchu pieszych oraz wyci\u0119cia zakrzacze\u0144 w pasie drogi powiatowej 1390K Turza-Sitnica w miejscowo\u015bci Turza<\/li><\/ul>\n\n\n\n<p><\/p>\n","protected":false},"excerpt":{"rendered":"<p>Interpelacja w sprawie wykonania i konserwacji rowu w pasie drogi powiatowej 1387K Siepietnica-Lubaszowa w miejscowo\u015bci Olszyny Interpelacja w sprawie poprawy istniej\u0105cych oraz dodania nowych p\u0142yt a\u017curowych zabezpieczaj\u0105cych r\u00f3w przed osuwaniem si\u0119 ziemi w pasie drogi powiatowej 1387K Siepietnica-Lubaszowa w centrum miejscowo\u015bci Olszyny Interpelacja w sprawie wykonania pobocza dla ruchu pieszych oraz wyci\u0119cia zakrzacze\u0144 w pasie [&hellip;]<\/p>\n","protected":false},"author":1,"featured_media":0,"parent":0,"menu_order":0,"comment_status":"closed","ping_status":"closed","template":"","meta":{"ngg_post_thumbnail":0},"_links":{"self":[{"href":"https:\/\/www.krzysztofplaczek.pl\/index.php\/wp-json\/wp\/v2\/pages\/65"}],"collection":[{"href":"https:\/\/www.krzysztofplaczek.pl\/index.php\/wp-json\/wp\/v2\/pages"}],"about":[{"href":"https:\/\/www.krzysztofplaczek.pl\/index.php\/wp-json\/wp\/v2\/types\/page"}],"author":[{"embeddable":true,"href":"https:\/\/www.krzysztofplaczek.pl\/index.php\/wp-json\/wp\/v2\/users\/1"}],"replies":[{"embeddable":true,"href":"https:\/\/www.krzysztofplaczek.pl\/index.php\/wp-json\/wp\/v2\/comments?post=65"}],"version-history":[{"count":3,"href":"https:\/\/www.krzysztofplaczek.pl\/index.php\/wp-json\/wp\/v2\/pages\/65\/revisions"}],"predecessor-version":[{"id":738,"href":"https:\/\/www.krzysztofplaczek.pl\/index.php\/wp-json\/wp\/v2\/pages\/65\/revisions\/738"}],"wp:attachment":[{"href":"https:\/\/www.krzysztofplaczek.pl\/index.php\/wp-json\/wp\/v2\/media?parent=65"}],"curies":[{"name":"wp","href":"https:\/\/api.w.org\/{rel}","templated":true}]}}