{"id":730,"date":"2021-12-04T16:53:35","date_gmt":"2021-12-04T16:53:35","guid":{"rendered":"https:\/\/www.krzysztofplaczek.pl\/?page_id=730"},"modified":"2023-08-06T14:43:51","modified_gmt":"2023-08-06T14:43:51","slug":"2021-w-radzie-powiatu-tarnowskiego","status":"publish","type":"page","link":"https:\/\/www.krzysztofplaczek.pl\/index.php\/2021-w-radzie-powiatu-tarnowskiego\/","title":{"rendered":"2021 &#8211; w Radzie Powiatu Tarnowskiego"},"content":{"rendered":"\n<ul>\n<li>Interpelacja w sprawie zabezpieczenia \u015brodk\u00f3w w bud\u017cecie Powiatu Tarnowskiego celem wykonania nak\u0142adki asfaltowej i poboczy w ci\u0105gu drogi powiatowej 1390K w kierunku Kwiatonowic<\/li>\n<\/ul>\n\n\n\n<ul>\n<li>Interpelacja w sprawie zabezpieczenia \u015brodk\u00f3w w bud\u017cecie Powiatu Tarnowskiego celem wykonania nak\u0142adki asfaltowej na drodze powiatowej 1357K Tarn\u00f3w-Ryglice-\u017burowa-O\u0142piny<\/li>\n<\/ul>\n\n\n\n<ul>\n<li>Interpelacja w sprawie wykonania nak\u0142adki asfaltowej na drodze powiatowej 1357K Tarn\u00f3w-Ryglice-\u017burowa-O\u0142piny w miejscowo\u015bci \u017burowa oraz Ryglice<\/li>\n<\/ul>\n\n\n\n<ul>\n<li>Interpelacja w sprawie wykonania row\u00f3w oraz przepustu na odcinku wzniesienia drogi powiatowej 1357K Tarn\u00f3w-Ryglice-\u017burowa-O\u0142piny w miejscowo\u015bci \u017burowa<\/li>\n<\/ul>\n\n\n\n<ul>\n<li>Interpelacja w sprawie z\u0142o\u017cenia wniosku w zakresie przebudowy drogi powiatowej 1387K Siepietnica &#8211; Lubaszowa w ramach programu dla samorzad\u00f3w Rz\u0105dowy Fundusz Polski \u0141ad: Program Inwestycji Strategicznych<\/li>\n<\/ul>\n\n\n\n<ul>\n<li>Interpelacja w sprawie wykonania utwardzonego pobocza pe\u0142ni\u0105cego rol\u0119 chodnika wzd\u0142u\u017c drogi powiatowej 1388K Jod\u0142\u00f3wka Tuchowska &#8211; Rzepiennik Strzy\u017cewski &#8211; Ci\u0119\u017ckowice w miejscowo\u015bci Rzepiennik Strzy\u017cewski<\/li>\n<\/ul>\n\n\n\n<ul>\n<li>Interpelacja w sprawie konieczno\u015bci pomalowania bocznych linii kraw\u0119dziowych drogi powiatowej 1389K Rzepiennik Biskupi &#8211; Turza-Moszczenica w miejscowo\u015bci Rzepiennik Biskupi, Turza<\/li>\n<\/ul>\n\n\n\n<ul>\n<li>Interpelacja w sprawie konieczno\u015bci pomalowania bocznych linii kraw\u0119dziowych drogi powiatowej 1403K Rzepiennik Suchy &#8211; Olszyny w miejscowo\u015bci Olszyny, Rzepiennik Biskupi, Rzepiennik Suchy<\/li>\n<\/ul>\n\n\n\n<ul>\n<li>Interpelacja w sprawie konserwacji row\u00f3w oraz udro\u017cnienia przepustu w ci\u0105gu drogi nr 1387K w miejscowo\u015bci Olszyny<\/li>\n<\/ul>\n\n\n\n<ul>\n<li>Interpelacja w sprawie monta\u017cu lustra w ci\u0105gu drogi powiatowej nr 1389K przy skrzy\u017cowaniu z drog\u0105 gminn\u0105 w miejscowo\u015bci Turza<\/li>\n<\/ul>\n\n\n\n<ul>\n<li>Interpelacja w sprawie wykonania przegladu oraz remontu nawierzchni dr\u00f3g powiatowych numer: 1390K oraz 1389K w miejscowo\u015bci Turza<\/li>\n<\/ul>\n\n\n\n<ul>\n<li>Interpelacja w sprawie wykonania o\u015bwietlenia przej\u015bcia dla pieszych na drodze powiatowej 1387K w miejscowo\u015bci Olszyny przy Szkole Podstawowej im. Jana Paw\u0142a II w Olszynach<\/li>\n<\/ul>\n\n\n\n<ul>\n<li>Interpelacja w sprawie wprowadzenia do porz\u0105dku obrad najbli\u017cszej XXVII Sesji Rady Powiatu Tarnowskiego projektu uchwa\u0142y w sprawie wyra\u017cenia zgody na zawacie porozumienia z Wojew\u00f3dztwem Ma\u0142opolskim, Gmin\u0105 Rzepiennik Strzy\u017cewski, Gmin\u0105 Szerzyny oraz Gmin\u0105 Tuch\u00f3w okre\u015blaj\u0105cego zasady i tryb wsp\u00f3\u0142pracy przy realizacji zadania inwestycyjnego pn. Opracowanie dokumentacji projektowej rozbudowy drogi powiatowej nr 1387K relacji Siepietnica-Lubaszowa<\/li>\n<\/ul>\n\n\n\n<ul>\n<li>Interpelacja w sprawie wykonania przegl\u0105du drogi, celem wyznaczenia pasa drogowego oraz wykonania nak\u0142adki asfaltowej i poboczy w ci\u0105gu drogi powiatowej nr 1390K w miejscowo\u015bci Turza<\/li>\n<\/ul>\n","protected":false},"excerpt":{"rendered":"","protected":false},"author":1,"featured_media":0,"parent":0,"menu_order":0,"comment_status":"closed","ping_status":"closed","template":"","meta":{"ngg_post_thumbnail":0},"_links":{"self":[{"href":"https:\/\/www.krzysztofplaczek.pl\/index.php\/wp-json\/wp\/v2\/pages\/730"}],"collection":[{"href":"https:\/\/www.krzysztofplaczek.pl\/index.php\/wp-json\/wp\/v2\/pages"}],"about":[{"href":"https:\/\/www.krzysztofplaczek.pl\/index.php\/wp-json\/wp\/v2\/types\/page"}],"author":[{"embeddable":true,"href":"https:\/\/www.krzysztofplaczek.pl\/index.php\/wp-json\/wp\/v2\/users\/1"}],"replies":[{"embeddable":true,"href":"https:\/\/www.krzysztofplaczek.pl\/index.php\/wp-json\/wp\/v2\/comments?post=730"}],"version-history":[{"count":5,"href":"https:\/\/www.krzysztofplaczek.pl\/index.php\/wp-json\/wp\/v2\/pages\/730\/revisions"}],"predecessor-version":[{"id":1382,"href":"https:\/\/www.krzysztofplaczek.pl\/index.php\/wp-json\/wp\/v2\/pages\/730\/revisions\/1382"}],"wp:attachment":[{"href":"https:\/\/www.krzysztofplaczek.pl\/index.php\/wp-json\/wp\/v2\/media?parent=730"}],"curies":[{"name":"wp","href":"https:\/\/api.w.org\/{rel}","templated":true}]}}